{"id":380,"date":"2018-07-24T17:09:52","date_gmt":"2018-07-24T15:09:52","guid":{"rendered":"http:\/\/192.168.0.6\/wordpress\/fr\/?page_id=380"},"modified":"2018-07-26T16:18:07","modified_gmt":"2018-07-26T14:18:07","slug":"panneaux-et-portes","status":"publish","type":"page","link":"https:\/\/isolvar.com\/fr\/domaines-de-competences\/panneaux-et-portes\/","title":{"rendered":"PANNEAUX ET PORTES"},"content":{"rendered":"<h2>Portes isothermes<\/h2>\n<h3>Les avantages des diff\u00e9rents mod\u00e8les de portes isothermes<\/h3>\n<p>Chaque mod\u00e8le met en avant ses avantages :<\/p>\n<p><strong>Les portes pivotantes<\/strong>\u00a0sont recommand\u00e9es lorsque les diff\u00e9rences thermiques sont importantes entre deux locaux, l\u2019\u00e9tanch\u00e9it\u00e9 \u00e9tant mieux assur\u00e9e par les joints p\u00e9riph\u00e9riques.<\/p>\n<p><strong>Les portes coulissantes<\/strong>\u00a0sont choisies pour un encombrement r\u00e9duit sur la zone de passage et leur ouverture peut \u00eatre facilement automatis\u00e9e.<\/p>\n<p><strong>Les portes va et vient<\/strong>\u00a0sont plus adapt\u00e9es pour les passages fr\u00e9quents entre deux locaux de temp\u00e9rature voisine.<\/p>\n<p><strong>Les portes de services,<\/strong>\u00a0plus l\u00e9g\u00e8res avec des parements vari\u00e9s sont par exemple utilis\u00e9es pour l\u2019acc\u00e8s aux locaux techniques, bureaux, sanitaires, \u2026<\/p>\n<p><strong>Les portes souples<\/strong>, quant \u00e0 elles, sont utilis\u00e9es pour l\u2019acc\u00e8s entre deux locaux \u00e0 temp\u00e9rature voisine avec une forte fr\u00e9quence de passage ou alors en compl\u00e9ment d\u2019une autre ouverture pour\u00a0limiter les d\u00e9perditions thermiques.<\/p>\n\r\n\t\t<style type='text\/css'>\r\n\t\t\t#gallery-1 {\r\n\t\t\t\tmargin: auto;\r\n\t\t\t}\r\n\t\t\t#gallery-1 .gallery-item {\r\n\t\t\t\tfloat: left;\r\n\t\t\t\tmargin-top: 10px;\r\n\t\t\t\ttext-align: center;\r\n\t\t\t\twidth: 25%;\r\n\t\t\t}\r\n\t\t\t#gallery-1 img {\r\n\t\t\t\tborder: 2px solid #cfcfcf;\r\n\t\t\t}\r\n\t\t\t#gallery-1 .gallery-caption {\r\n\t\t\t\tmargin-left: 0;\r\n\t\t\t}\r\n\t\t\t\/* see gallery_shortcode() in wp-includes\/media.php *\/\r\n\t\t<\/style>\n\t\t<div id='gallery-1' class='gallery galleryid-380 gallery-columns-4 gallery-size-medium'><dl class='gallery-item'>\r\n\t\t\t<dt class='gallery-icon landscape'>\r\n\t\t\t\t<a class=\"thumbnail\" href='https:\/\/isolvar.com\/fr\/domaines-de-competences\/panneaux-et-portes\/porte-coulissante\/'><img loading=\"lazy\" decoding=\"async\" width=\"300\" height=\"225\" src=\"https:\/\/isolvar.com\/wp-content\/uploads\/2018\/07\/porte-coulissante-300x225.jpg\" class=\"attachment-medium size-medium\" alt=\"\" srcset=\"https:\/\/isolvar.com\/wp-content\/uploads\/2018\/07\/porte-coulissante-300x225.jpg 300w, https:\/\/isolvar.com\/wp-content\/uploads\/2018\/07\/porte-coulissante-768x576.jpg 768w, https:\/\/isolvar.com\/wp-content\/uploads\/2018\/07\/porte-coulissante.jpg 800w\" sizes=\"auto, (max-width: 300px) 100vw, 300px\" \/><\/a>\r\n\t\t\t<\/dt><\/dl><dl class='gallery-item'>\r\n\t\t\t<dt class='gallery-icon landscape'>\r\n\t\t\t\t<a class=\"thumbnail\" href='https:\/\/isolvar.com\/fr\/domaines-de-competences\/panneaux-et-portes\/porte-souple\/'><img loading=\"lazy\" decoding=\"async\" width=\"300\" height=\"225\" src=\"https:\/\/isolvar.com\/wp-content\/uploads\/2018\/07\/porte-souple-300x225.jpg\" class=\"attachment-medium size-medium\" alt=\"\" srcset=\"https:\/\/isolvar.com\/wp-content\/uploads\/2018\/07\/porte-souple-300x225.jpg 300w, https:\/\/isolvar.com\/wp-content\/uploads\/2018\/07\/porte-souple-768x576.jpg 768w, https:\/\/isolvar.com\/wp-content\/uploads\/2018\/07\/porte-souple.jpg 800w\" sizes=\"auto, (max-width: 300px) 100vw, 300px\" \/><\/a>\r\n\t\t\t<\/dt><\/dl><dl class='gallery-item'>\r\n\t\t\t<dt class='gallery-icon landscape'>\r\n\t\t\t\t<a class=\"thumbnail\" href='https:\/\/isolvar.com\/fr\/domaines-de-competences\/panneaux-et-portes\/porte-vas-viens\/'><img loading=\"lazy\" decoding=\"async\" width=\"300\" height=\"225\" src=\"https:\/\/isolvar.com\/wp-content\/uploads\/2018\/07\/porte-vas-viens-300x225.jpg\" class=\"attachment-medium size-medium\" alt=\"\" srcset=\"https:\/\/isolvar.com\/wp-content\/uploads\/2018\/07\/porte-vas-viens-300x225.jpg 300w, https:\/\/isolvar.com\/wp-content\/uploads\/2018\/07\/porte-vas-viens-768x576.jpg 768w, https:\/\/isolvar.com\/wp-content\/uploads\/2018\/07\/porte-vas-viens.jpg 800w\" sizes=\"auto, (max-width: 300px) 100vw, 300px\" \/><\/a>\r\n\t\t\t<\/dt><\/dl><dl class='gallery-item'>\r\n\t\t\t<dt class='gallery-icon landscape'>\r\n\t\t\t\t<a class=\"thumbnail\" href='https:\/\/isolvar.com\/fr\/domaines-de-competences\/panneaux-et-portes\/panneaux4\/'><img loading=\"lazy\" decoding=\"async\" width=\"300\" height=\"225\" src=\"https:\/\/isolvar.com\/wp-content\/uploads\/2018\/07\/panneaux4-300x225.jpg\" class=\"attachment-medium size-medium\" alt=\"\" srcset=\"https:\/\/isolvar.com\/wp-content\/uploads\/2018\/07\/panneaux4-300x225.jpg 300w, https:\/\/isolvar.com\/wp-content\/uploads\/2018\/07\/panneaux4-768x576.jpg 768w, https:\/\/isolvar.com\/wp-content\/uploads\/2018\/07\/panneaux4.jpg 800w\" sizes=\"auto, (max-width: 300px) 100vw, 300px\" \/><\/a>\r\n\t\t\t<\/dt><\/dl><br style=\"clear: both\" \/><\/div>\n\n<hr \/>\n<h2>Portes Sectionnales<\/h2>\n<p><img loading=\"lazy\" decoding=\"async\" class=\"alignleft size-medium wp-image-402\" src=\"https:\/\/isolvar.com\/wp-content\/uploads\/2018\/07\/portes-sectionnales-2-300x212.jpg\" alt=\"\" width=\"300\" height=\"212\" srcset=\"https:\/\/isolvar.com\/wp-content\/uploads\/2018\/07\/portes-sectionnales-2-300x212.jpg 300w, https:\/\/isolvar.com\/wp-content\/uploads\/2018\/07\/portes-sectionnales-2-768x543.jpg 768w, https:\/\/isolvar.com\/wp-content\/uploads\/2018\/07\/portes-sectionnales-2-1024x725.jpg 1024w, https:\/\/isolvar.com\/wp-content\/uploads\/2018\/07\/portes-sectionnales-2.jpg 1754w\" sizes=\"auto, (max-width: 300px) 100vw, 300px\" \/><\/p>\n<p><strong>CONSTRUCTION DES PANNEAUX ISO<\/strong><\/p>\n<p>Les panneaux isol\u00e9s ISO sont construits selon le principe du \u00ab sandwich \u00bb (t\u00f4le acier \u2013 mousse de PU \u00e0 densit\u00e9 \u00e9lev\u00e9e \u2013 t\u00f4le acier). La mousse, \u00e0 densit\u00e9 \u00e9lev\u00e9e, est exempte de CFC et poss\u00e8de d\u2019excellentes propri\u00e9t\u00e9s d\u2019isolation acoustique et thermique. Les feuilles d\u2019acier ont \u00e9t\u00e9 galvanis\u00e9es sur les deux faces, puis rev\u00eatues d\u2019une couche d\u2019appr\u00eat. Ce produit de qualit\u00e9 est r\u00e9sistant aux intemp\u00e9ries et \u00e0 la corrosion. Nous n\u2019avons fait aucun compromis en terme de choix des mat\u00e9riaux, \u00e9paisseur des feuilles et type de mousse PU utilis\u00e9e. Les panneaux sont fournis conform\u00e9ment au label de qualit\u00e9 RAL GZ 617 \u00ab G\u00fctesicherung \u00bb<\/p>\n<p><strong>TYPES DE PANNEAUX POUR PORTES SECTIONNALES ISOLEES ISO\u00a0<\/strong><\/p>\n<p>Les sections (panneaux) pour les portes sectionnales isol\u00e9es ISO sont disponibles en 3 hauteurs diff\u00e9rentes, dans les RAL les plus utilis\u00e9s. Ces hauteurs ont \u00e9t\u00e9 soigneusement s\u00e9lectionn\u00e9es afin d\u2019\u00e9viter de couper les panneaux. Les hauteurs disponibles sont 488 mm, 610 mm et 732 mm.<\/p>\n<p><strong>PORTES\u00a0HUBLOTS ET VITRAGES<\/strong><\/p>\n<p>Lorsqu\u2019un \u00e9clairage important de lumi\u00e8re naturelle ou une vision \u00e0 travers le tablier sont souhait\u00e9s, la section vitr\u00e9e ALU offre la meilleure performance. Contrairement aux assemblages r\u00e9alis\u00e9s manuellement, les principales usines europ\u00e9ennes fabriquant industriellement des portes sectionnales sont en mesure de d\u00e9velopper et de fabriquer des sections vitr\u00e9es ALU de qualit\u00e9 tr\u00e8s \u00e9lev\u00e9e, gr\u00e2ce \u00e0 des machines modernes \u00e0 commandes num\u00e9riques. Cela signifie que les solutions qu\u2019elles proposent sont de loin sup\u00e9rieures en termes de luminosit\u00e9 naturelle, d\u2019assemblage mais aussi de r\u00e9sistance \u00e0 la tentative d\u2019effraction. Nous proposons \u00e9galement des hublots double vitrage pour les tabliers isol\u00e9s ISO. Les hublots ISO peuvent \u00eatre fournis dans une gamme de vari\u00e9t\u00e9s de formes et de dimensions \u00e0 votre choix.<\/p>\n<p>Le choix du positionnement des hublots dans le tablier d\u2019une porte sectionnales\u00a0isol\u00e9e ISO d\u00e9pend de 4 crit\u00e8res diff\u00e9rents :<\/p>\n<p><strong>1 ) N\u00e9cessit\u00e9 de lumi\u00e8re naturelle<br \/>\n<\/strong>La n\u00e9cessit\u00e9 de disposer de lumi\u00e8re naturelle influe sur la position et le\u00a0nombre de hublots utilis\u00e9s. Il est souvent pr\u00e9f\u00e9rable d\u2019utiliser des sections\u00a0vitr\u00e9es ALU enti\u00e8rement transparentes lorsqu\u2019un niveau important de lumi\u00e8re\u00a0est n\u00e9cessaire.<\/p>\n<p><strong>2 ) Propri\u00e9t\u00e9s thermiques<br \/>\n<\/strong>Si l\u2019isolation thermique (performance d\u2019isolation\/valeur U selon EN 12428) est le crit\u00e8re le plus important lors de votre choix, les hublots double vitrage\u00a0repr\u00e9sentent le meilleur choix.<\/p>\n<p><strong>3 ) Pr\u00e9vention contre les intrusions<br \/>\n<\/strong>Si une pr\u00e9vention maximale contre les intrusions est votre crit\u00e8re principal dans votre choix des hublots \u00e0 double vitrage de hauteur r\u00e9duite\u00a0repr\u00e9senteront le meilleur choix.<\/p>\n<p><strong>4 )\u00a0Design<br \/>\n<\/strong>Des hublots double vitrage ronds peuvent \u00eatre implant\u00e9s al\u00e9atoirement dans le\u00a0tablier isol\u00e9.<\/p>\n<div class=\"blox-element divider space \"><\/div>\n<p><a href=\"http:\/\/www.isolvar.com\/wp-content\/uploads\/2015\/04\/portes-sectionnales.pdf\" target=\"_blank\" rel=\"noopener\"><strong>Lire le dossier complet<\/strong>\u00a0sur les PORTES SECTIONNALES ISOLVAR<\/a><\/p>\n<hr \/>\n<hr \/>\n<h2>Panneaux Isothermes<\/h2>\n<p>La r\u00e9alisation des locaux frigorifiques impose un choix judicieux et une pose ad\u00e9quat des panneaux isothermes qui les composes.<\/p>\n<h4>Les crit\u00e8res de choix des panneaux isothermes<\/h4>\n<p>Les crit\u00e8res pris en compte d\u00e9pendent des cas d\u2019emploi Parois Plafonds Cloisons Sols n\u00e9gatifs Ainsi que des besoins thermiques sp\u00e9cifiques des diff\u00e9rents domaines d\u2019exploitation Entrep\u00f4ts frigorifiques ou \u00e0 atmosph\u00e8re contr\u00f4l\u00e9e Locaux agroalimentaires.<\/p>\n<p>Dans le domaine agroalimentaire, les panneaux isothermes sont indiqu\u00e9s \u00e0 la construction de la simple chambre froide du traiteur jusqu\u2019aux enceintes frigorifiques des plus grandes entreprises avec des contraintes thermiques pouvant aller de la simple r\u00e9frig\u00e9ration jusqu\u2019\u00e0 la cong\u00e9lation.<\/p>\n<h4>Les cas d\u2019utilisation des panneaux isothermes<\/h4>\n<div class=\"section-normal \">\n<div class=\"row blox-row \">\n<div class=\"col-xs-12 col-sm-12 col-md-12 col-lg-12\">\n<div class=\"blox-column-content\">\n<div class=\"blox-element blox-accordion \">\n<div id=\"accordion_5b57439915f16\" class=\"accordion panel-group\">\n<div class=\"acc-panel panel-default\">\n<div class=\"panel-heading\">\n<h4 class=\"panel-title\"><i class=\"fa-caret-square-o-down\"><\/i>\u00a0Les exemples de construction qui peuvent \u00eatres particuli\u00e8rement cit\u00e9s sont les suivants :<\/h4>\n<\/div>\n<\/div>\n<\/div>\n<\/div>\n<\/div>\n<\/div>\n<\/div>\n<\/div>\n<h4>Les \u00e9paisseurs de panneaux isothermes<\/h4>\n<p>L\u2019\u00e9paisseur des panneaux varie de 40 \u00e0 220 mm avec diff\u00e9rents parements lisses ou nervur\u00e9s assortis de plusieurs rev\u00eatements.\u00a0Le choix de l\u2019\u00e9paisseur des panneaux doit r\u00e9pondre aux sp\u00e9cificit\u00e9s en tenue thermique des chambres froides positives, n\u00e9gatives ou chaudes.<\/p>\n<div class=\"blox-element divider space \"><\/div>\n<div id=\"ngg-gallery-1577-1\" class=\"ngg-galleryoverview ngg-ajax-pagination-none\">\n<div id=\"ngg-image-0\" class=\"ngg-gallery-thumbnail-box\"><\/div>\n<div id=\"ngg-image-8\" class=\"ngg-gallery-thumbnail-box\">\n<div class=\"ngg-gallery-thumbnail\">\n\r\n\t\t<style type='text\/css'>\r\n\t\t\t#gallery-2 {\r\n\t\t\t\tmargin: auto;\r\n\t\t\t}\r\n\t\t\t#gallery-2 .gallery-item {\r\n\t\t\t\tfloat: left;\r\n\t\t\t\tmargin-top: 10px;\r\n\t\t\t\ttext-align: center;\r\n\t\t\t\twidth: 33%;\r\n\t\t\t}\r\n\t\t\t#gallery-2 img {\r\n\t\t\t\tborder: 2px solid #cfcfcf;\r\n\t\t\t}\r\n\t\t\t#gallery-2 .gallery-caption {\r\n\t\t\t\tmargin-left: 0;\r\n\t\t\t}\r\n\t\t\t\/* see gallery_shortcode() in wp-includes\/media.php *\/\r\n\t\t<\/style>\n\t\t<div id='gallery-2' class='gallery galleryid-380 gallery-columns-3 gallery-size-medium'><dl class='gallery-item'>\r\n\t\t\t<dt class='gallery-icon landscape'>\r\n\t\t\t\t<a class=\"thumbnail\" href='https:\/\/isolvar.com\/fr\/domaines-de-competences\/panneaux-et-portes\/panneaux1\/'><img loading=\"lazy\" decoding=\"async\" width=\"300\" height=\"225\" src=\"https:\/\/isolvar.com\/wp-content\/uploads\/2018\/07\/panneaux1-300x225.jpg\" class=\"attachment-medium size-medium\" alt=\"\" srcset=\"https:\/\/isolvar.com\/wp-content\/uploads\/2018\/07\/panneaux1-300x225.jpg 300w, https:\/\/isolvar.com\/wp-content\/uploads\/2018\/07\/panneaux1-768x576.jpg 768w, https:\/\/isolvar.com\/wp-content\/uploads\/2018\/07\/panneaux1.jpg 800w\" sizes=\"auto, (max-width: 300px) 100vw, 300px\" \/><\/a>\r\n\t\t\t<\/dt><\/dl><dl class='gallery-item'>\r\n\t\t\t<dt class='gallery-icon landscape'>\r\n\t\t\t\t<a class=\"thumbnail\" href='https:\/\/isolvar.com\/fr\/domaines-de-competences\/panneaux-et-portes\/panneaux2\/'><img loading=\"lazy\" decoding=\"async\" width=\"300\" height=\"225\" src=\"https:\/\/isolvar.com\/wp-content\/uploads\/2018\/07\/panneaux2-300x225.jpg\" class=\"attachment-medium size-medium\" alt=\"\" srcset=\"https:\/\/isolvar.com\/wp-content\/uploads\/2018\/07\/panneaux2-300x225.jpg 300w, https:\/\/isolvar.com\/wp-content\/uploads\/2018\/07\/panneaux2-768x576.jpg 768w, https:\/\/isolvar.com\/wp-content\/uploads\/2018\/07\/panneaux2.jpg 800w\" sizes=\"auto, (max-width: 300px) 100vw, 300px\" \/><\/a>\r\n\t\t\t<\/dt><\/dl><dl class='gallery-item'>\r\n\t\t\t<dt class='gallery-icon landscape'>\r\n\t\t\t\t<a class=\"thumbnail\" href='https:\/\/isolvar.com\/fr\/domaines-de-competences\/panneaux-et-portes\/panneaux3\/'><img loading=\"lazy\" decoding=\"async\" width=\"300\" height=\"225\" src=\"https:\/\/isolvar.com\/wp-content\/uploads\/2018\/07\/panneaux3-300x225.jpg\" class=\"attachment-medium size-medium\" alt=\"\" srcset=\"https:\/\/isolvar.com\/wp-content\/uploads\/2018\/07\/panneaux3-300x225.jpg 300w, https:\/\/isolvar.com\/wp-content\/uploads\/2018\/07\/panneaux3-768x576.jpg 768w, https:\/\/isolvar.com\/wp-content\/uploads\/2018\/07\/panneaux3.jpg 800w\" sizes=\"auto, (max-width: 300px) 100vw, 300px\" \/><\/a>\r\n\t\t\t<\/dt><\/dl><br style=\"clear: both\" \/><\/div>\n\n<\/div>\n<\/div>\n<div class=\"ngg-clear\"><\/div>\n<\/div>\n<div class=\"blox-element divider space \"><\/div>\n<h4>La constitution des panneaux isothermes<\/h4>\n<p>L\u2019isolant est constitu\u00e9 traditionnellement de mousse polyur\u00e9thane et parfois en polystyr\u00e8ne expans\u00e9 ou extrud\u00e9.Les exigences en mati\u00e8re de s\u00e9curit\u00e9 peuvent pousser vers le choix d\u2019une \u00e2me en laine de roche, afin de r\u00e9pondre \u00e0 un classement au feu M0 ou coupe feu 1h \u00e0 2h.Les parements des panneaux isothermes Le choix des parements se fait conform\u00e9ment aux normes NFP 75-401-1 et NFP34-301. Les parements sont constitu\u00e9s de t\u00f4les nervur\u00e9es ou lisses en acier galvanis\u00e9, en acier inoxydable, en inox laqu\u00e9 PVDF ou PET.<\/p>\n<h4>Les rev\u00eatement des panneaux isothermes<\/h4>\n<p>Le choix des rev\u00eatement ext\u00e9rieurs se fait en fonction des atmosph\u00e8res ambiantes autour du b\u00e2timent et pour l\u2019int\u00e9rieur des b\u00e2timents, il d\u00e9pend de l\u2019agressivit\u00e9 de l\u2019ambiance, des conditions de nettoyage et de l\u2019hygrom\u00e9trie (DTU 45-1 de l\u2019isolation).<\/p>\n<p>L\u2019assemblage des panneaux isothermes Les panneaux poss\u00e8dent une rive profil\u00e9e m\u00e2le-femelle permettant leur embo\u00eetement simple ou double suivant l\u2019\u00e9paisseur.<\/p>\n<h4>La pose des panneaux isothermes<\/h4>\n<p>La mise en \u0153uvre des panneaux doit \u00eatre effectu\u00e9e de pr\u00e9f\u00e9rence par des entreprises poss\u00e9dant\u00a0<strong>les qualifications professionnelles Qualibat requises<\/strong>.<\/p>\n<p>Nos \u00e9quipes de monteurs hautement qualifi\u00e9s on r\u00e9alis\u00e9 de nombreux chantiers sur l\u2019ensemble du territoire fran\u00e7ais voire \u00e0 l\u2019\u00e9tranger dans le domaine de l\u2019agroalimentaire mais \u00e9galement dans la recherche, la cosm\u00e9tologie, l\u2019\u00e9lectronique, l\u2019aviation, la pharmacie, le vin, le transport.<\/p>\n<hr \/>\n<hr \/>\n<h2>Panneaux coupe feu<\/h2>\n<p><img loading=\"lazy\" decoding=\"async\" class=\"wp-image-397 size-medium alignleft\" src=\"https:\/\/isolvar.com\/wp-content\/uploads\/2018\/07\/feu-300x199.jpg\" alt=\"\" width=\"300\" height=\"199\" srcset=\"https:\/\/isolvar.com\/wp-content\/uploads\/2018\/07\/feu-300x199.jpg 300w, https:\/\/isolvar.com\/wp-content\/uploads\/2018\/07\/feu-768x511.jpg 768w, https:\/\/isolvar.com\/wp-content\/uploads\/2018\/07\/feu-1024x681.jpg 1024w\" sizes=\"auto, (max-width: 300px) 100vw, 300px\" \/><\/p>\n<h4>Panneaux coupe feu pour\u00a0<strong>s\u00e9paration ordinaire<\/strong><\/h4>\n<p>Les panneaux coupe feu 2 heures (mat\u00e9riaux constitutifs class\u00e9s M0 = laine de roche et enduit coupe feu) sont utilis\u00e9s pour cr\u00e9er un barrage contre les incendies.\u00a0Cette s\u00e9paration a pour but d\u2019assurer l\u2019acc\u00e8s aux services de secours pour ma\u00eetriser la propagation du feu.\u00a0Il est n\u00e9cessaire d\u2019utiliser des panneaux \u00e0 embo\u00eetement et \u00e0 double feuillure pour \u00e9viter le passage des flammes au niveau des jonctions.\u00a0Afin de limiter les propagations hors b\u00e2timent, un d\u00e9passement de toiture est souvent conseill\u00e9 (voir paragraphe suivant).\u00a0L\u2019utilisation de panneaux \u00e0 l\u2019avantage de marier la protection coupe feu avec l\u2019\u00e9tanch\u00e9it\u00e9 et l\u2019isolation.<\/p>\n<h4><\/h4>\n<h4>Panneaux coupe feu pour\u00a0<strong>s\u00e9paration de b\u00e2timents<\/strong><\/h4>\n<p>Dans le cas de s\u00e9paration de certains types de b\u00e2timents ou de diff\u00e9rentes parties d\u2019une construction, la r\u00e9glementation ou les assurances peuvent imposer que les murs coupe feu restent en place pour jouer leur r\u00f4le, m\u00eame si une partie des b\u00e2timents s\u2019effondre.<\/p>\n<p>Dans ce cas, les murs principaux doivent \u00eatre coupe feu 4 heures (structure b\u00e9ton).<\/p>\n<p>Pour ces murs, un d\u00e9passement de toiture ainsi qu\u2019un d\u00e9passement lat\u00e9ral est alors obligatoire si la toiture et les panneaux constituants les fa\u00e7ades ne sont pas coupe feu 2 heures et M0.<\/p>\n<p>Si des panneaux coupe feu sont mont\u00e9s en fa\u00e7ades, ils devront alors \u00eatre mont\u00e9s sur une ossature ind\u00e9pendante auto-stable.<\/p>\n","protected":false},"excerpt":{"rendered":"<p>Portes isothermes Les avantages des diff\u00e9rents mod\u00e8les de portes isothermes Chaque mod\u00e8le met en avant ses avantages : Les portes pivotantes\u00a0sont recommand\u00e9es lorsque les diff\u00e9rences thermiques sont importantes entre deux locaux, l\u2019\u00e9tanch\u00e9it\u00e9 \u00e9tant mieux assur\u00e9e par les joints p\u00e9riph\u00e9riques. Les &hellip; <a href=\"https:\/\/isolvar.com\/fr\/domaines-de-competences\/panneaux-et-portes\/\">Lire la suite\u00ad\u00ad<\/a><\/p>\n","protected":false},"author":2,"featured_media":0,"parent":9,"menu_order":7,"comment_status":"closed","ping_status":"closed","template":"","meta":{"kt_blocks_editor_width":"","jetpack_post_was_ever_published":false,"footnotes":""},"class_list":["post-380","page","type-page","status-publish","hentry"],"jetpack_sharing_enabled":true,"_links":{"self":[{"href":"https:\/\/isolvar.com\/fr\/wp-json\/wp\/v2\/pages\/380","targetHints":{"allow":["GET"]}}],"collection":[{"href":"https:\/\/isolvar.com\/fr\/wp-json\/wp\/v2\/pages"}],"about":[{"href":"https:\/\/isolvar.com\/fr\/wp-json\/wp\/v2\/types\/page"}],"author":[{"embeddable":true,"href":"https:\/\/isolvar.com\/fr\/wp-json\/wp\/v2\/users\/2"}],"replies":[{"embeddable":true,"href":"https:\/\/isolvar.com\/fr\/wp-json\/wp\/v2\/comments?post=380"}],"version-history":[{"count":0,"href":"https:\/\/isolvar.com\/fr\/wp-json\/wp\/v2\/pages\/380\/revisions"}],"up":[{"embeddable":true,"href":"https:\/\/isolvar.com\/fr\/wp-json\/wp\/v2\/pages\/9"}],"wp:attachment":[{"href":"https:\/\/isolvar.com\/fr\/wp-json\/wp\/v2\/media?parent=380"}],"curies":[{"name":"wp","href":"https:\/\/api.w.org\/{rel}","templated":true}]}}