{"id":20,"date":"2018-07-02T21:07:15","date_gmt":"2018-07-02T20:07:15","guid":{"rendered":"http:\/\/192.168.0.6\/wordpress\/?page_id=20"},"modified":"2024-09-23T16:13:48","modified_gmt":"2024-09-23T15:13:48","slug":"la-societe","status":"publish","type":"page","link":"https:\/\/isolvar.com\/fr\/la-societe\/","title":{"rendered":"LA SOCIETE"},"content":{"rendered":"<h2 class=\"yiv3582617821MsoNormal\"><b id=\"yui_3_16_0_1_1431533933180_16532\"><span id=\"yui_3_16_0_1_1431533933180_16531\">Le Groupe Isolvar<\/span><\/b><\/h2>\n<p id=\"yui_3_16_0_1_1431533933180_16529\" class=\"yiv4969534051MsoNormal\"><span id=\"yui_3_16_0_1_1431533933180_16528\">Le Groupe Isolvar est riche de 33 ann\u00e9es d\u2019exp\u00e9riences.<\/span><\/p>\n<p id=\"yui_3_16_0_1_1431533933180_16514\" class=\"yiv4969534051MsoNormal\"><span id=\"yui_3_16_0_1_1431533933180_16513\">Depuis 1991, il accompagne ses clients de la conception \u00e0 la r\u00e9alisation des leurs projets d\u2019installations frigorifiques.<\/span><\/p>\n<p id=\"yui_3_16_0_1_1431533933180_16517\" class=\"yiv4969534051MsoNormal\"><span id=\"yui_3_16_0_1_1431533933180_16516\">Isolvar est sp\u00e9cialis\u00e9 dans l\u2019isolation frigorifique, la construction de b\u00e2timents agro-alimentaires, d\u2019entrep\u00f4ts frigorifiques ainsi que dans la r\u00e9alisation de salles blanches.<\/span><\/p>\n<p class=\"yiv4969534051MsoNormal\"><span id=\"yui_3_16_0_1_1431533933180_16516\">Il r\u00e9alise, sur son march\u00e9, un chiffre d\u2019affaires annuel moyen de 26 millions d\u2019\u20ac.<\/span><\/p>\n<p id=\"yui_3_16_0_1_1431533933180_16519\" class=\"yiv4969534051MsoNormal\"><span id=\"yui_3_16_0_1_1431533933180_16518\">Le si\u00e8ge du groupe est \u00e0 Saint Cannat, avec ses bureaux d\u2019\u00e9tudes de Saint Cannat (13), d&rsquo;Irigny (69) d\u2019Hazebrouck (59), de Mont de Marsan (40) et de Sarreguemines (57).<\/span><\/p>\n<p id=\"yui_3_16_0_1_1431533933180_16521\" class=\"yiv4969534051MsoNormal\"><span id=\"yui_3_16_0_1_1431533933180_16520\">La richesse premi\u00e8re d\u2019Isolvar r\u00e9side dans le professionnalisme et les grandes qualit\u00e9s humaines de ses \u00e9quipes qui interviennent sur l\u2019ensemble du territoire nationale et \u00e0 l\u2019international.<\/span><\/p>\n<p id=\"yui_3_16_0_1_1431533933180_16527\" class=\"yiv4969534051MsoNormal\"><span id=\"yui_3_16_0_1_1431533933180_16526\">Le respect des normes et exigences r\u00e9glementaires et environnementales est une priorit\u00e9 affirm\u00e9e de l\u2019entreprise.\u00a0<\/span><\/p>\n<h2 class=\"yiv3582617821MsoNormal\"><b id=\"yui_3_16_0_1_1431533933180_16532\">Le march\u00e9 d\u2019Isolvar<\/b><\/h2>\n<div class=\"blox-element divider \"><\/div>\n<p id=\"yui_3_16_0_1_1431533933180_16523\" class=\"yiv4969534051MsoNormal\"><span id=\"yui_3_16_0_1_1431533933180_16522\">Il concerne l\u2019\u00e9tude et la r\u00e9alisation en fournitures et pose de panneaux destin\u00e9s \u00e0 l\u2019isolation de murs, plafonds et sols de b\u00e2timents agro-alimentaires, d\u2019unit\u00e9s de fabrication et de production, d\u2019entrep\u00f4ts frigorifiques, de salles propres et de salles blanches.<\/span><\/p>\n<p id=\"yui_3_16_0_1_1431533933180_16561\" class=\"yiv4969534051MsoNormal\"><span id=\"yui_3_16_0_1_1431533933180_16560\">Ses clients sont de grands noms de la boulangerie, des fruits et l\u00e9gumes, de la confiserie, des plats cuisin\u00e9s, des salaisons et abattoirs, des produits de la mer, de la fromagerie, des laboratoires pharmaceutiques, des transports frigorifiques, des centres commerciaux et de la logistique.<\/span><\/p>\n","protected":false},"excerpt":{"rendered":"<p>Le Groupe Isolvar Le Groupe Isolvar est riche de 33 ann\u00e9es d\u2019exp\u00e9riences. Depuis 1991, il accompagne ses clients de la conception \u00e0 la r\u00e9alisation des leurs projets d\u2019installations frigorifiques. Isolvar est sp\u00e9cialis\u00e9 dans l\u2019isolation frigorifique, la construction de b\u00e2timents agro-alimentaires, &hellip; <a href=\"https:\/\/isolvar.com\/fr\/la-societe\/\">Lire la suite\u00ad\u00ad<\/a><\/p>\n","protected":false},"author":2,"featured_media":0,"parent":0,"menu_order":1,"comment_status":"closed","ping_status":"closed","template":"","meta":{"kt_blocks_editor_width":"","jetpack_post_was_ever_published":false,"footnotes":""},"class_list":["post-20","page","type-page","status-publish","hentry"],"jetpack_sharing_enabled":true,"_links":{"self":[{"href":"https:\/\/isolvar.com\/fr\/wp-json\/wp\/v2\/pages\/20","targetHints":{"allow":["GET"]}}],"collection":[{"href":"https:\/\/isolvar.com\/fr\/wp-json\/wp\/v2\/pages"}],"about":[{"href":"https:\/\/isolvar.com\/fr\/wp-json\/wp\/v2\/types\/page"}],"author":[{"embeddable":true,"href":"https:\/\/isolvar.com\/fr\/wp-json\/wp\/v2\/users\/2"}],"replies":[{"embeddable":true,"href":"https:\/\/isolvar.com\/fr\/wp-json\/wp\/v2\/comments?post=20"}],"version-history":[{"count":0,"href":"https:\/\/isolvar.com\/fr\/wp-json\/wp\/v2\/pages\/20\/revisions"}],"wp:attachment":[{"href":"https:\/\/isolvar.com\/fr\/wp-json\/wp\/v2\/media?parent=20"}],"curies":[{"name":"wp","href":"https:\/\/api.w.org\/{rel}","templated":true}]}}