{"id":129,"date":"2018-07-04T16:31:38","date_gmt":"2018-07-04T14:31:38","guid":{"rendered":"http:\/\/192.168.0.6\/wordpress\/fr\/?page_id=129"},"modified":"2018-07-26T16:35:39","modified_gmt":"2018-07-26T14:35:39","slug":"mentions-legales","status":"publish","type":"page","link":"https:\/\/isolvar.com\/fr\/mentions-legales\/","title":{"rendered":"MENTIONS L\u00c9GALES"},"content":{"rendered":"<h2>Propri\u00e9t\u00e9 du site<\/h2>\n<p>Nom ou Raison sociale : SASU ISOLVAR France<\/p>\n<p>Si\u00e8ge Social\u00a0: \u00a0\u00a0\u00a0\u00a0 300 Avenue de l\u2019Europe, ZA de la Pile \u2013 13760 SAINT CANNAT \u2013 France<\/p>\n<p>Adresse mail\u00a0: contact@isolvar.com<\/p>\n<p>Fax\u00a0: 04 42 24 15 62<\/p>\n<p>SIRET\u00a0: 750\u00a0687\u00a0287 00052<\/p>\n<p>CAPITAL de\u00a0: 1 000 000 \u20ac<\/p>\n<p>&nbsp;<\/p>\n<h2>Direction de la publication<\/h2>\n<p>Le directeur de la publication est Morgane PAYET en qualit\u00e9 de charg\u00e9e de communication dans l\u2019entreprise ISOLVAR.<\/p>\n<p>&nbsp;<\/p>\n<h2>H\u00e9bergement du site<\/h2>\n<p>Le site\u00a0https:\/\/www.isolvar.com\/fr\/ est h\u00e9berg\u00e9 par la soci\u00e9t\u00e9 OVH<\/p>\n<p>OVH SAS au capital de 10 069 020 \u20ac<\/p>\n<p>RCS Lille M\u00e9tropole 424 761 419 00045<\/p>\n<p>Code APE 2620Z<\/p>\n<p>N\u00b0 TVA FR22 424 76 419<\/p>\n<p>Si\u00e8ge Social : 2 rue Kellermann \u2013 59100 ROUBAIX \u2013 France<\/p>\n<h2><\/h2>\n<h2>Politique de confidentialit\u00e9<\/h2>\n<p>Les donn\u00e9es recueillies sur le site web isolvar.com ne feront \u00e0 aucun moment l\u2019objet d\u2019une cession ou d\u2019une vente \u00e0 des tiers. Aucune adresse mail collect\u00e9e ne sera transmise \u00e0 des tiers y compris aux partenaires d\u2019Isolvar sauf avec l\u2019accord explicite des int\u00e9ress\u00e9s.<\/p>\n<h2><\/h2>\n<h2 id=\"infocookies\">Cookies<\/h2>\n<p>Isolvar utilise\u00a0des cookies afin d\u2019analyser l\u2019audience du site.<\/p>\n<p>Vous avez la possibilit\u00e9 de d\u00e9sactiver\u00a0les cookies en vous rendant dans les options de votre navigateur web.<\/p>\n","protected":false},"excerpt":{"rendered":"<p>Propri\u00e9t\u00e9 du site Nom ou Raison sociale : SASU ISOLVAR France Si\u00e8ge Social\u00a0: \u00a0\u00a0\u00a0\u00a0 300 Avenue de l\u2019Europe, ZA de la Pile \u2013 13760 SAINT CANNAT \u2013 France Adresse mail\u00a0: contact@isolvar.com Fax\u00a0: 04 42 24 15 62 SIRET\u00a0: 750\u00a0687\u00a0287 00052 &hellip; <a href=\"https:\/\/isolvar.com\/fr\/mentions-legales\/\">Lire la suite\u00ad\u00ad<\/a><\/p>\n","protected":false},"author":2,"featured_media":0,"parent":0,"menu_order":3,"comment_status":"closed","ping_status":"closed","template":"","meta":{"kt_blocks_editor_width":"","jetpack_post_was_ever_published":false,"footnotes":""},"class_list":["post-129","page","type-page","status-publish","hentry"],"jetpack_sharing_enabled":true,"_links":{"self":[{"href":"https:\/\/isolvar.com\/fr\/wp-json\/wp\/v2\/pages\/129","targetHints":{"allow":["GET"]}}],"collection":[{"href":"https:\/\/isolvar.com\/fr\/wp-json\/wp\/v2\/pages"}],"about":[{"href":"https:\/\/isolvar.com\/fr\/wp-json\/wp\/v2\/types\/page"}],"author":[{"embeddable":true,"href":"https:\/\/isolvar.com\/fr\/wp-json\/wp\/v2\/users\/2"}],"replies":[{"embeddable":true,"href":"https:\/\/isolvar.com\/fr\/wp-json\/wp\/v2\/comments?post=129"}],"version-history":[{"count":0,"href":"https:\/\/isolvar.com\/fr\/wp-json\/wp\/v2\/pages\/129\/revisions"}],"wp:attachment":[{"href":"https:\/\/isolvar.com\/fr\/wp-json\/wp\/v2\/media?parent=129"}],"curies":[{"name":"wp","href":"https:\/\/api.w.org\/{rel}","templated":true}]}}