{"id":125,"date":"2018-07-04T16:14:41","date_gmt":"2018-07-04T14:14:41","guid":{"rendered":"http:\/\/192.168.0.6\/wordpress\/fr\/?page_id=125"},"modified":"2018-07-26T16:17:55","modified_gmt":"2018-07-26T14:17:55","slug":"fermetures-industrielles-et-equipements-de-quai","status":"publish","type":"page","link":"https:\/\/isolvar.com\/fr\/domaines-de-competences\/fermetures-industrielles-et-equipements-de-quai\/","title":{"rendered":"FERMETURES INDUSTRIELLES ET EQUIPEMENTS DE QUAI"},"content":{"rendered":"\r\n\t\t<style type='text\/css'>\r\n\t\t\t#gallery-1 {\r\n\t\t\t\tmargin: auto;\r\n\t\t\t}\r\n\t\t\t#gallery-1 .gallery-item {\r\n\t\t\t\tfloat: left;\r\n\t\t\t\tmargin-top: 10px;\r\n\t\t\t\ttext-align: center;\r\n\t\t\t\twidth: 50%;\r\n\t\t\t}\r\n\t\t\t#gallery-1 img {\r\n\t\t\t\tborder: 2px solid #cfcfcf;\r\n\t\t\t}\r\n\t\t\t#gallery-1 .gallery-caption {\r\n\t\t\t\tmargin-left: 0;\r\n\t\t\t}\r\n\t\t\t\/* see gallery_shortcode() in wp-includes\/media.php *\/\r\n\t\t<\/style>\n\t\t<div id='gallery-1' class='gallery galleryid-125 gallery-columns-2 gallery-size-full'><dl class='gallery-item'>\r\n\t\t\t<dt class='gallery-icon landscape'>\r\n\t\t\t\t<a class=\"thumbnail\" href='https:\/\/isolvar.com\/fr\/domaines-de-competences\/fermetures-industrielles-et-equipements-de-quai\/fermeture-industrielle-3\/'><img loading=\"lazy\" decoding=\"async\" width=\"300\" height=\"200\" src=\"https:\/\/isolvar.com\/wp-content\/uploads\/2018\/07\/fermeture-industrielle-3.jpg\" class=\"attachment-full size-full\" alt=\"fermeture-industrielle-3\" \/><\/a>\r\n\t\t\t<\/dt><\/dl><dl class='gallery-item'>\r\n\t\t\t<dt class='gallery-icon landscape'>\r\n\t\t\t\t<a class=\"thumbnail\" href='https:\/\/isolvar.com\/fr\/domaines-de-competences\/fermetures-industrielles-et-equipements-de-quai\/fermeture-industrielle-1\/'><img loading=\"lazy\" decoding=\"async\" width=\"300\" height=\"200\" src=\"https:\/\/isolvar.com\/wp-content\/uploads\/2018\/07\/fermeture-industrielle-1.jpg\" class=\"attachment-full size-full\" alt=\"fermeture-industrielle-1\" \/><\/a>\r\n\t\t\t<\/dt><\/dl><br style=\"clear: both\" \/><\/div>\n\n<p>ISOLVAR r\u00e9pond \u00e0 tous besoins concernant les fermetures industrielles et \u00e9quipements de quai.<\/p>\n<p>Qu\u2019il s\u2019agisse de portes sectionnelles, de portes rapides, de rideaux m\u00e9talliques, de portes coupe-feu, de portes pi\u00e9tonnes, de rideaux \u00e0 lani\u00e8res, de niveleurs de quai, de sas d\u2019\u00e9tanch\u00e9it\u00e9, de ponts de chargement ou de butoirs.<\/p>\n<p>ISOLVAR propose des contrats de maintenance pour l\u2019entretien du mat\u00e9riel.<\/p>\n","protected":false},"excerpt":{"rendered":"<p>ISOLVAR r\u00e9pond \u00e0 tous besoins concernant les fermetures industrielles et \u00e9quipements de quai. Qu\u2019il s\u2019agisse de portes sectionnelles, de portes rapides, de rideaux m\u00e9talliques, de portes coupe-feu, de portes pi\u00e9tonnes, de rideaux \u00e0 lani\u00e8res, de niveleurs de quai, de sas &hellip; <a href=\"https:\/\/isolvar.com\/fr\/domaines-de-competences\/fermetures-industrielles-et-equipements-de-quai\/\">Lire la suite\u00ad\u00ad<\/a><\/p>\n","protected":false},"author":2,"featured_media":0,"parent":9,"menu_order":6,"comment_status":"closed","ping_status":"closed","template":"","meta":{"kt_blocks_editor_width":"","jetpack_post_was_ever_published":false,"footnotes":""},"class_list":["post-125","page","type-page","status-publish","hentry"],"jetpack_sharing_enabled":true,"_links":{"self":[{"href":"https:\/\/isolvar.com\/fr\/wp-json\/wp\/v2\/pages\/125","targetHints":{"allow":["GET"]}}],"collection":[{"href":"https:\/\/isolvar.com\/fr\/wp-json\/wp\/v2\/pages"}],"about":[{"href":"https:\/\/isolvar.com\/fr\/wp-json\/wp\/v2\/types\/page"}],"author":[{"embeddable":true,"href":"https:\/\/isolvar.com\/fr\/wp-json\/wp\/v2\/users\/2"}],"replies":[{"embeddable":true,"href":"https:\/\/isolvar.com\/fr\/wp-json\/wp\/v2\/comments?post=125"}],"version-history":[{"count":0,"href":"https:\/\/isolvar.com\/fr\/wp-json\/wp\/v2\/pages\/125\/revisions"}],"up":[{"embeddable":true,"href":"https:\/\/isolvar.com\/fr\/wp-json\/wp\/v2\/pages\/9"}],"wp:attachment":[{"href":"https:\/\/isolvar.com\/fr\/wp-json\/wp\/v2\/media?parent=125"}],"curies":[{"name":"wp","href":"https:\/\/api.w.org\/{rel}","templated":true}]}}