{"id":122,"date":"2018-07-04T16:12:59","date_gmt":"2018-07-04T14:12:59","guid":{"rendered":"http:\/\/192.168.0.6\/wordpress\/fr\/?page_id=122"},"modified":"2018-07-26T16:17:42","modified_gmt":"2018-07-26T14:17:42","slug":"service-apres-vente","status":"publish","type":"page","link":"https:\/\/isolvar.com\/fr\/domaines-de-competences\/service-apres-vente\/","title":{"rendered":"SERVICE APRES VENTE"},"content":{"rendered":"<p>ISOLVAR assure un service apr\u00e8s-vente r\u00e9actif et responsable, et peut ainsi r\u00e9pondre \u00e0 des besoins urgents.<\/p>\n<p>Elle accompagne l\u2019entretien pr\u00e9ventif, l\u2019assistance technique et la gestion des pi\u00e8ces de rechange.<\/p>\n<p>ISOLVAR dispose de deux ateliers avec un stock importants de pi\u00e8ces d\u00e9tach\u00e9es.<\/p>\n","protected":false},"excerpt":{"rendered":"<p>ISOLVAR assure un service apr\u00e8s-vente r\u00e9actif et responsable, et peut ainsi r\u00e9pondre \u00e0 des besoins urgents. Elle accompagne l\u2019entretien pr\u00e9ventif, l\u2019assistance technique et la gestion des pi\u00e8ces de rechange. ISOLVAR dispose de deux ateliers avec un stock importants de pi\u00e8ces &hellip; <a href=\"https:\/\/isolvar.com\/fr\/domaines-de-competences\/service-apres-vente\/\">Lire la suite\u00ad\u00ad<\/a><\/p>\n","protected":false},"author":2,"featured_media":0,"parent":9,"menu_order":5,"comment_status":"closed","ping_status":"closed","template":"","meta":{"kt_blocks_editor_width":"","jetpack_post_was_ever_published":false,"footnotes":""},"class_list":["post-122","page","type-page","status-publish","hentry"],"jetpack_sharing_enabled":true,"_links":{"self":[{"href":"https:\/\/isolvar.com\/fr\/wp-json\/wp\/v2\/pages\/122","targetHints":{"allow":["GET"]}}],"collection":[{"href":"https:\/\/isolvar.com\/fr\/wp-json\/wp\/v2\/pages"}],"about":[{"href":"https:\/\/isolvar.com\/fr\/wp-json\/wp\/v2\/types\/page"}],"author":[{"embeddable":true,"href":"https:\/\/isolvar.com\/fr\/wp-json\/wp\/v2\/users\/2"}],"replies":[{"embeddable":true,"href":"https:\/\/isolvar.com\/fr\/wp-json\/wp\/v2\/comments?post=122"}],"version-history":[{"count":0,"href":"https:\/\/isolvar.com\/fr\/wp-json\/wp\/v2\/pages\/122\/revisions"}],"up":[{"embeddable":true,"href":"https:\/\/isolvar.com\/fr\/wp-json\/wp\/v2\/pages\/9"}],"wp:attachment":[{"href":"https:\/\/isolvar.com\/fr\/wp-json\/wp\/v2\/media?parent=122"}],"curies":[{"name":"wp","href":"https:\/\/api.w.org\/{rel}","templated":true}]}}