{"id":119,"date":"2018-07-04T16:10:55","date_gmt":"2018-07-04T14:10:55","guid":{"rendered":"http:\/\/192.168.0.6\/wordpress\/fr\/?page_id=119"},"modified":"2018-07-26T16:17:28","modified_gmt":"2018-07-26T14:17:28","slug":"batiments-agro-alimentaires-et-unites-de-production","status":"publish","type":"page","link":"https:\/\/isolvar.com\/fr\/domaines-de-competences\/batiments-agro-alimentaires-et-unites-de-production\/","title":{"rendered":"B\u00c2TIMENTS AGRO-ALIMENTAIRES ET UNIT\u00c9S DE PRODUCTION"},"content":{"rendered":"\r\n\t\t<style type='text\/css'>\r\n\t\t\t#gallery-1 {\r\n\t\t\t\tmargin: auto;\r\n\t\t\t}\r\n\t\t\t#gallery-1 .gallery-item {\r\n\t\t\t\tfloat: left;\r\n\t\t\t\tmargin-top: 10px;\r\n\t\t\t\ttext-align: center;\r\n\t\t\t\twidth: 50%;\r\n\t\t\t}\r\n\t\t\t#gallery-1 img {\r\n\t\t\t\tborder: 2px solid #cfcfcf;\r\n\t\t\t}\r\n\t\t\t#gallery-1 .gallery-caption {\r\n\t\t\t\tmargin-left: 0;\r\n\t\t\t}\r\n\t\t\t\/* see gallery_shortcode() in wp-includes\/media.php *\/\r\n\t\t<\/style>\n\t\t<div id='gallery-1' class='gallery galleryid-119 gallery-columns-2 gallery-size-full'><dl class='gallery-item'>\r\n\t\t\t<dt class='gallery-icon landscape'>\r\n\t\t\t\t<a class=\"thumbnail\" href='https:\/\/isolvar.com\/fr\/domaines-de-competences\/batiments-agro-alimentaires-et-unites-de-production\/batiment-agro-alimentaires-isolvar\/'><img loading=\"lazy\" decoding=\"async\" width=\"600\" height=\"400\" src=\"https:\/\/isolvar.com\/wp-content\/uploads\/2018\/07\/batiment-agro-alimentaires-isolvar.jpg\" class=\"attachment-full size-full\" alt=\"batiment-agro-alimentaires-isolvar\" aria-describedby=\"gallery-1-244\" srcset=\"https:\/\/isolvar.com\/wp-content\/uploads\/2018\/07\/batiment-agro-alimentaires-isolvar.jpg 600w, https:\/\/isolvar.com\/wp-content\/uploads\/2018\/07\/batiment-agro-alimentaires-isolvar-300x200.jpg 300w\" sizes=\"auto, (max-width: 600px) 100vw, 600px\" \/><\/a>\r\n\t\t\t<\/dt>\r\n\t\t\t\t<dd class='wp-caption-text gallery-caption' id='gallery-1-244'>\r\n\t\t\t\tB\u00e2timent agro-alimentaire\r\n\t\t\t\t<\/dd><\/dl><dl class='gallery-item'>\r\n\t\t\t<dt class='gallery-icon portrait'>\r\n\t\t\t\t<a class=\"thumbnail\" href='https:\/\/isolvar.com\/fr\/domaines-de-competences\/batiments-agro-alimentaires-et-unites-de-production\/unite-de-production-isolvar\/'><img loading=\"lazy\" decoding=\"async\" width=\"300\" height=\"400\" src=\"https:\/\/isolvar.com\/wp-content\/uploads\/2018\/07\/unite-de-production-isolvar.jpg\" class=\"attachment-full size-full\" alt=\"unite-de-production-isolvar\" aria-describedby=\"gallery-1-245\" srcset=\"https:\/\/isolvar.com\/wp-content\/uploads\/2018\/07\/unite-de-production-isolvar.jpg 300w, https:\/\/isolvar.com\/wp-content\/uploads\/2018\/07\/unite-de-production-isolvar-225x300.jpg 225w\" sizes=\"auto, (max-width: 300px) 100vw, 300px\" \/><\/a>\r\n\t\t\t<\/dt>\r\n\t\t\t\t<dd class='wp-caption-text gallery-caption' id='gallery-1-245'>\r\n\t\t\t\tUnit\u00e9 de production\r\n\t\t\t\t<\/dd><\/dl><br style=\"clear: both\" \/><\/div>\n\n<p>Les professionnels dans l\u2019alimentaire sont responsables de la s\u00e9curit\u00e9 des denr\u00e9es qu\u2019ils r\u00e9ceptionnent, stockent, manipulent, transforment et distribuent.<\/p>\n<p>La conception et l\u2019agencement des locaux o\u00f9 les denr\u00e9es alimentaires sont pr\u00e9par\u00e9es, trait\u00e9es ou transform\u00e9es doivent permettre la mise en \u0153uvre de bonnes pratiques d\u2019hygi\u00e8ne et notamment pr\u00e9venir la contamination entre et durant les op\u00e9rations.<\/p>\n<p>ISOLVAR, garante de la qualit\u00e9 et de la fiabilit\u00e9 de ses r\u00e9alisations, travaille dans le respect de la l\u00e9gislation et des normes agroalimentaires en vigueur.<\/p>\n","protected":false},"excerpt":{"rendered":"<p>Les professionnels dans l\u2019alimentaire sont responsables de la s\u00e9curit\u00e9 des denr\u00e9es qu\u2019ils r\u00e9ceptionnent, stockent, manipulent, transforment et distribuent. La conception et l\u2019agencement des locaux o\u00f9 les denr\u00e9es alimentaires sont pr\u00e9par\u00e9es, trait\u00e9es ou transform\u00e9es doivent permettre la mise en \u0153uvre de &hellip; <a href=\"https:\/\/isolvar.com\/fr\/domaines-de-competences\/batiments-agro-alimentaires-et-unites-de-production\/\">Lire la suite\u00ad\u00ad<\/a><\/p>\n","protected":false},"author":2,"featured_media":0,"parent":9,"menu_order":4,"comment_status":"closed","ping_status":"closed","template":"","meta":{"kt_blocks_editor_width":"","jetpack_post_was_ever_published":false,"footnotes":""},"class_list":["post-119","page","type-page","status-publish","hentry"],"jetpack_sharing_enabled":true,"_links":{"self":[{"href":"https:\/\/isolvar.com\/fr\/wp-json\/wp\/v2\/pages\/119","targetHints":{"allow":["GET"]}}],"collection":[{"href":"https:\/\/isolvar.com\/fr\/wp-json\/wp\/v2\/pages"}],"about":[{"href":"https:\/\/isolvar.com\/fr\/wp-json\/wp\/v2\/types\/page"}],"author":[{"embeddable":true,"href":"https:\/\/isolvar.com\/fr\/wp-json\/wp\/v2\/users\/2"}],"replies":[{"embeddable":true,"href":"https:\/\/isolvar.com\/fr\/wp-json\/wp\/v2\/comments?post=119"}],"version-history":[{"count":0,"href":"https:\/\/isolvar.com\/fr\/wp-json\/wp\/v2\/pages\/119\/revisions"}],"up":[{"embeddable":true,"href":"https:\/\/isolvar.com\/fr\/wp-json\/wp\/v2\/pages\/9"}],"wp:attachment":[{"href":"https:\/\/isolvar.com\/fr\/wp-json\/wp\/v2\/media?parent=119"}],"curies":[{"name":"wp","href":"https:\/\/api.w.org\/{rel}","templated":true}]}}