{"id":116,"date":"2018-07-04T16:08:11","date_gmt":"2018-07-04T14:08:11","guid":{"rendered":"http:\/\/192.168.0.6\/wordpress\/fr\/?page_id=116"},"modified":"2018-07-26T16:17:13","modified_gmt":"2018-07-26T14:17:13","slug":"plateformes-logistiques-et-entrepots-frigorifiques","status":"publish","type":"page","link":"https:\/\/isolvar.com\/fr\/domaines-de-competences\/plateformes-logistiques-et-entrepots-frigorifiques\/","title":{"rendered":"PLATEFORMES LOGISTIQUES ET ENTREP\u00d4TS FRIGORIFIQUES"},"content":{"rendered":"<p>L\u2019entrep\u00f4t frigorifique (ou plateforme frigorifique) est un b\u00e2timent comprenant une isolation frigorifique et une source de froid permettant d\u2019obtenir et de conserver des denr\u00e9es p\u00e9rissables \u00e0 basse temp\u00e9rature. (Froid positif sup\u00e9rieur \u00e0 0 \u00b0C ou froid n\u00e9gatif inf\u00e9rieur \u00e0 0 \u00b0C).<\/p>\n<p>ISOLVAR est sp\u00e9cialis\u00e9e dans la r\u00e9alisation de tous types de b\u00e2timents frigorifiques prenant en compte les enjeux et contraintes de ses clients pour optimiser leur activit\u00e9.<\/p>\n<p>ISOLVAR \u0153uvre avec les mat\u00e9riaux offrant la meilleure valeur d\u2019isolation et reconnus pour leurs\u00a0 qualit\u00e9s sup\u00e9rieures et de haute technologique.<\/p>\n<p><img loading=\"lazy\" decoding=\"async\" class=\"aligncenter size-full wp-image-259\" src=\"https:\/\/isolvar.com\/wp-content\/uploads\/2018\/07\/plateforme-logistique.jpg\" alt=\"plateforme-logistique\" width=\"800\" height=\"600\" srcset=\"https:\/\/isolvar.com\/wp-content\/uploads\/2018\/07\/plateforme-logistique.jpg 800w, https:\/\/isolvar.com\/wp-content\/uploads\/2018\/07\/plateforme-logistique-300x225.jpg 300w, https:\/\/isolvar.com\/wp-content\/uploads\/2018\/07\/plateforme-logistique-768x576.jpg 768w\" sizes=\"auto, (max-width: 800px) 100vw, 800px\" \/><\/p>\n\r\n\t\t<style type='text\/css'>\r\n\t\t\t#gallery-1 {\r\n\t\t\t\tmargin: auto;\r\n\t\t\t}\r\n\t\t\t#gallery-1 .gallery-item {\r\n\t\t\t\tfloat: left;\r\n\t\t\t\tmargin-top: 10px;\r\n\t\t\t\ttext-align: center;\r\n\t\t\t\twidth: 50%;\r\n\t\t\t}\r\n\t\t\t#gallery-1 img {\r\n\t\t\t\tborder: 2px solid #cfcfcf;\r\n\t\t\t}\r\n\t\t\t#gallery-1 .gallery-caption {\r\n\t\t\t\tmargin-left: 0;\r\n\t\t\t}\r\n\t\t\t\/* see gallery_shortcode() in wp-includes\/media.php *\/\r\n\t\t<\/style>\n\t\t<div id='gallery-1' class='gallery galleryid-116 gallery-columns-2 gallery-size-full'><dl class='gallery-item'>\r\n\t\t\t<dt class='gallery-icon portrait'>\r\n\t\t\t\t<a class=\"thumbnail\" href='https:\/\/isolvar.com\/fr\/domaines-de-competences\/plateformes-logistiques-et-entrepots-frigorifiques\/plateforme-logistique-isolvar-3\/'><img loading=\"lazy\" decoding=\"async\" width=\"400\" height=\"533\" src=\"https:\/\/isolvar.com\/wp-content\/uploads\/2018\/07\/plateforme-logistique-isolvar-3.jpg\" class=\"attachment-full size-full\" alt=\"plateforme-logistique-isolvar-3\" srcset=\"https:\/\/isolvar.com\/wp-content\/uploads\/2018\/07\/plateforme-logistique-isolvar-3.jpg 400w, https:\/\/isolvar.com\/wp-content\/uploads\/2018\/07\/plateforme-logistique-isolvar-3-225x300.jpg 225w\" sizes=\"auto, (max-width: 400px) 100vw, 400px\" \/><\/a>\r\n\t\t\t<\/dt><\/dl><dl class='gallery-item'>\r\n\t\t\t<dt class='gallery-icon portrait'>\r\n\t\t\t\t<a class=\"thumbnail\" href='https:\/\/isolvar.com\/fr\/domaines-de-competences\/plateformes-logistiques-et-entrepots-frigorifiques\/plateforme-logistique-lidl-isolvar\/'><img loading=\"lazy\" decoding=\"async\" width=\"400\" height=\"533\" src=\"https:\/\/isolvar.com\/wp-content\/uploads\/2018\/07\/plateforme-logistique-lidl-isolvar.jpg\" class=\"attachment-full size-full\" alt=\"plateforme-logistique-lidl-isolvar\" srcset=\"https:\/\/isolvar.com\/wp-content\/uploads\/2018\/07\/plateforme-logistique-lidl-isolvar.jpg 400w, https:\/\/isolvar.com\/wp-content\/uploads\/2018\/07\/plateforme-logistique-lidl-isolvar-225x300.jpg 225w\" sizes=\"auto, (max-width: 400px) 100vw, 400px\" \/><\/a>\r\n\t\t\t<\/dt><\/dl><br style=\"clear: both\" \/><\/div>\n\n","protected":false},"excerpt":{"rendered":"<p>L\u2019entrep\u00f4t frigorifique (ou plateforme frigorifique) est un b\u00e2timent comprenant une isolation frigorifique et une source de froid permettant d\u2019obtenir et de conserver des denr\u00e9es p\u00e9rissables \u00e0 basse temp\u00e9rature. (Froid positif sup\u00e9rieur \u00e0 0 \u00b0C ou froid n\u00e9gatif inf\u00e9rieur \u00e0 0 &hellip; <a href=\"https:\/\/isolvar.com\/fr\/domaines-de-competences\/plateformes-logistiques-et-entrepots-frigorifiques\/\">Lire la suite\u00ad\u00ad<\/a><\/p>\n","protected":false},"author":2,"featured_media":0,"parent":9,"menu_order":3,"comment_status":"closed","ping_status":"closed","template":"","meta":{"kt_blocks_editor_width":"","jetpack_post_was_ever_published":false,"footnotes":""},"class_list":["post-116","page","type-page","status-publish","hentry"],"jetpack_sharing_enabled":true,"_links":{"self":[{"href":"https:\/\/isolvar.com\/fr\/wp-json\/wp\/v2\/pages\/116","targetHints":{"allow":["GET"]}}],"collection":[{"href":"https:\/\/isolvar.com\/fr\/wp-json\/wp\/v2\/pages"}],"about":[{"href":"https:\/\/isolvar.com\/fr\/wp-json\/wp\/v2\/types\/page"}],"author":[{"embeddable":true,"href":"https:\/\/isolvar.com\/fr\/wp-json\/wp\/v2\/users\/2"}],"replies":[{"embeddable":true,"href":"https:\/\/isolvar.com\/fr\/wp-json\/wp\/v2\/comments?post=116"}],"version-history":[{"count":0,"href":"https:\/\/isolvar.com\/fr\/wp-json\/wp\/v2\/pages\/116\/revisions"}],"up":[{"embeddable":true,"href":"https:\/\/isolvar.com\/fr\/wp-json\/wp\/v2\/pages\/9"}],"wp:attachment":[{"href":"https:\/\/isolvar.com\/fr\/wp-json\/wp\/v2\/media?parent=116"}],"curies":[{"name":"wp","href":"https:\/\/api.w.org\/{rel}","templated":true}]}}