{"id":113,"date":"2018-07-04T16:05:27","date_gmt":"2018-07-04T14:05:27","guid":{"rendered":"http:\/\/192.168.0.6\/wordpress\/fr\/?page_id=113"},"modified":"2018-07-26T16:16:56","modified_gmt":"2018-07-26T14:16:56","slug":"salles-blanches-salles-propres","status":"publish","type":"page","link":"https:\/\/isolvar.com\/fr\/domaines-de-competences\/salles-blanches-salles-propres\/","title":{"rendered":"SALLES BLANCHES, SALLES PROPRES"},"content":{"rendered":"<p><img loading=\"lazy\" decoding=\"async\" class=\"size-full wp-image-235 aligncenter\" src=\"https:\/\/isolvar.com\/wp-content\/uploads\/2018\/07\/salle-propre-isolvar.jpg\" alt=\"salle-propre-isolvar\" width=\"300\" height=\"224\" \/><\/p>\n<p>&nbsp;<\/p>\n<p>Une\u00a0salle blanche\u00a0(ou plus exactement\u00a0salle propre\u00a0selon la norme ISO 14644-1) est une pi\u00e8ce, ou une s\u00e9rie de pi\u00e8ces, o\u00f9 la\u00a0concentration particulaire est ma\u00eetris\u00e9e afin de minimiser l\u2019introduction, la g\u00e9n\u00e9ration, la r\u00e9tention de particules \u00e0 l\u2019int\u00e9rieur. Les param\u00e8tres tels que la\u00a0temp\u00e9rature, l\u2019humidit\u00e9\u00a0et la pression relative sont \u00e9galement maintenus \u00e0 un niveau pr\u00e9cis.\u00a0Les salles blanches sont utilis\u00e9es dans les domaines sensibles aux contaminations environnementales\u00a0: l\u2019industrie pharmaceutique, le secteur hospitalier, les\u00a0biotechnologies\u00a0et d\u2019autres domaines de la\u00a0biologie, l\u2019industrie agroalimentaire (en particulier dans les salles de tranchage), la cosm\u00e9tique, etc.<\/p>\n<p>ISOLVAR ma\u00eetrise les exigences en mati\u00e8re de s\u00e9curit\u00e9 et de technologie qui n\u00e9cessitent une parfaite maitrise et un savoir-faire irr\u00e9prochables en mati\u00e8re d\u2019\u00e9tanch\u00e9it\u00e9 et de propret\u00e9.<\/p>\n","protected":false},"excerpt":{"rendered":"<p>&nbsp; Une\u00a0salle blanche\u00a0(ou plus exactement\u00a0salle propre\u00a0selon la norme ISO 14644-1) est une pi\u00e8ce, ou une s\u00e9rie de pi\u00e8ces, o\u00f9 la\u00a0concentration particulaire est ma\u00eetris\u00e9e afin de minimiser l\u2019introduction, la g\u00e9n\u00e9ration, la r\u00e9tention de particules \u00e0 l\u2019int\u00e9rieur. Les param\u00e8tres tels que la\u00a0temp\u00e9rature, &hellip; <a href=\"https:\/\/isolvar.com\/fr\/domaines-de-competences\/salles-blanches-salles-propres\/\">Lire la suite\u00ad\u00ad<\/a><\/p>\n","protected":false},"author":2,"featured_media":0,"parent":9,"menu_order":2,"comment_status":"closed","ping_status":"closed","template":"","meta":{"kt_blocks_editor_width":"","jetpack_post_was_ever_published":false,"footnotes":""},"class_list":["post-113","page","type-page","status-publish","hentry"],"jetpack_sharing_enabled":true,"_links":{"self":[{"href":"https:\/\/isolvar.com\/fr\/wp-json\/wp\/v2\/pages\/113","targetHints":{"allow":["GET"]}}],"collection":[{"href":"https:\/\/isolvar.com\/fr\/wp-json\/wp\/v2\/pages"}],"about":[{"href":"https:\/\/isolvar.com\/fr\/wp-json\/wp\/v2\/types\/page"}],"author":[{"embeddable":true,"href":"https:\/\/isolvar.com\/fr\/wp-json\/wp\/v2\/users\/2"}],"replies":[{"embeddable":true,"href":"https:\/\/isolvar.com\/fr\/wp-json\/wp\/v2\/comments?post=113"}],"version-history":[{"count":0,"href":"https:\/\/isolvar.com\/fr\/wp-json\/wp\/v2\/pages\/113\/revisions"}],"up":[{"embeddable":true,"href":"https:\/\/isolvar.com\/fr\/wp-json\/wp\/v2\/pages\/9"}],"wp:attachment":[{"href":"https:\/\/isolvar.com\/fr\/wp-json\/wp\/v2\/media?parent=113"}],"curies":[{"name":"wp","href":"https:\/\/api.w.org\/{rel}","templated":true}]}}