{"id":110,"date":"2018-07-04T16:02:06","date_gmt":"2018-07-04T14:02:06","guid":{"rendered":"http:\/\/192.168.0.6\/wordpress\/fr\/?page_id=110"},"modified":"2018-07-26T16:15:59","modified_gmt":"2018-07-26T14:15:59","slug":"chambre-atmosphere-controlee","status":"publish","type":"page","link":"https:\/\/isolvar.com\/fr\/domaines-de-competences\/chambre-atmosphere-controlee\/","title":{"rendered":"CHAMBRE ATMOSPH\u00c8RE CONTR\u00d4L\u00c9E"},"content":{"rendered":"<p><img loading=\"lazy\" decoding=\"async\" class=\"size-full wp-image-231 aligncenter\" src=\"https:\/\/isolvar.com\/wp-content\/uploads\/2018\/07\/chambre-atmosphere-controlee.jpg\" alt=\"chambre-atmosphere-controlee\" width=\"300\" height=\"225\" \/><\/p>\n<p>&nbsp;<\/p>\n<p>L\u2019entreposage en atmosph\u00e8re contr\u00f4l\u00e9e permet de conserver certains fruits et l\u00e9gumes pour une p\u00e9riode plus longue, tout en conservant leur qualit\u00e9 et fraicheur.<\/p>\n<p>L\u2019atmosph\u00e8re contr\u00f4l\u00e9e\u00a0 s\u2019entend comme la modification et le contr\u00f4le de la composition en gaz d\u2019une ambiance donn\u00e9e pour mieux conserver les produits v\u00e9g\u00e9taux apr\u00e8s r\u00e9colte, gr\u00e2ce \u00e0 la modification et \u00e0 la stabilisation d\u2019une atmosph\u00e8re particuli\u00e8re.<\/p>\n<p>ISOLVAR ma\u00eetrise les exigences en mati\u00e8re de s\u00e9curit\u00e9 et de technologie qui n\u00e9cessitent une parfaite maitrise et un savoir-faire irr\u00e9prochables en mati\u00e8re d\u2019\u00e9tanch\u00e9it\u00e9.<\/p>\n","protected":false},"excerpt":{"rendered":"<p>&nbsp; L\u2019entreposage en atmosph\u00e8re contr\u00f4l\u00e9e permet de conserver certains fruits et l\u00e9gumes pour une p\u00e9riode plus longue, tout en conservant leur qualit\u00e9 et fraicheur. L\u2019atmosph\u00e8re contr\u00f4l\u00e9e\u00a0 s\u2019entend comme la modification et le contr\u00f4le de la composition en gaz d\u2019une ambiance &hellip; <a href=\"https:\/\/isolvar.com\/fr\/domaines-de-competences\/chambre-atmosphere-controlee\/\">Lire la suite\u00ad\u00ad<\/a><\/p>\n","protected":false},"author":2,"featured_media":0,"parent":9,"menu_order":1,"comment_status":"closed","ping_status":"closed","template":"","meta":{"kt_blocks_editor_width":"","jetpack_post_was_ever_published":false,"footnotes":""},"class_list":["post-110","page","type-page","status-publish","hentry"],"jetpack_sharing_enabled":true,"_links":{"self":[{"href":"https:\/\/isolvar.com\/fr\/wp-json\/wp\/v2\/pages\/110","targetHints":{"allow":["GET"]}}],"collection":[{"href":"https:\/\/isolvar.com\/fr\/wp-json\/wp\/v2\/pages"}],"about":[{"href":"https:\/\/isolvar.com\/fr\/wp-json\/wp\/v2\/types\/page"}],"author":[{"embeddable":true,"href":"https:\/\/isolvar.com\/fr\/wp-json\/wp\/v2\/users\/2"}],"replies":[{"embeddable":true,"href":"https:\/\/isolvar.com\/fr\/wp-json\/wp\/v2\/comments?post=110"}],"version-history":[{"count":0,"href":"https:\/\/isolvar.com\/fr\/wp-json\/wp\/v2\/pages\/110\/revisions"}],"up":[{"embeddable":true,"href":"https:\/\/isolvar.com\/fr\/wp-json\/wp\/v2\/pages\/9"}],"wp:attachment":[{"href":"https:\/\/isolvar.com\/fr\/wp-json\/wp\/v2\/media?parent=110"}],"curies":[{"name":"wp","href":"https:\/\/api.w.org\/{rel}","templated":true}]}}