{"id":380,"date":"2018-07-24T17:09:52","date_gmt":"2018-07-24T15:09:52","guid":{"rendered":"http:\/\/192.168.0.6\/wordpress\/fr\/?page_id=380"},"modified":"2018-07-26T16:18:07","modified_gmt":"2018-07-26T14:18:07","slug":"panneaux-et-portes","status":"publish","type":"page","link":"https:\/\/isolvar.com\/en\/domaines-de-competences\/panneaux-et-portes\/","title":{"rendered":"PANELS AND DOORS"},"content":{"rendered":"<h2>Isothermal doors<\/h2>\n<h3><strong>The advantages of different models of isothermal doors<\/strong><\/h3>\n<p>Each model has its own advantages:<\/p>\n<p><strong>Revolving doors<\/strong>\u00a0are recommended when the thermal differences are large between two areas \u2013 airtightness being better achieved by peripheral seals.<\/p>\n<p><strong>Sliding doors<\/strong>\u00a0are chosen to reduce obstruction in passageways and opening can easily be made automatic.<\/p>\n<p><strong>Swing doors<\/strong>\u00a0are more adapted to frequently used passages between two areas of similar temperatures.<\/p>\n<p><strong>Service doors<\/strong>\u00a0\u2013 lighter with a variety of facings \u2013 they are used for example for access to technical premises, offices, sanitary facilities\u2026<\/p>\n<p><strong>Flexible doors<\/strong>\u00a0are used for movement between two areas with similar temperatures where there is a high passage frequency or in addition to another opening to limit thermal loss.<\/p>\n\r\n\t\t<style type='text\/css'>\r\n\t\t\t#gallery-1 {\r\n\t\t\t\tmargin: auto;\r\n\t\t\t}\r\n\t\t\t#gallery-1 .gallery-item {\r\n\t\t\t\tfloat: left;\r\n\t\t\t\tmargin-top: 10px;\r\n\t\t\t\ttext-align: center;\r\n\t\t\t\twidth: 25%;\r\n\t\t\t}\r\n\t\t\t#gallery-1 img {\r\n\t\t\t\tborder: 2px solid #cfcfcf;\r\n\t\t\t}\r\n\t\t\t#gallery-1 .gallery-caption {\r\n\t\t\t\tmargin-left: 0;\r\n\t\t\t}\r\n\t\t\t\/* see gallery_shortcode() in wp-includes\/media.php *\/\r\n\t\t<\/style>\n\t\t<div id='gallery-1' class='gallery galleryid-380 gallery-columns-4 gallery-size-medium'><dl class='gallery-item'>\r\n\t\t\t<dt class='gallery-icon landscape'>\r\n\t\t\t\t<a class=\"thumbnail\" href='https:\/\/isolvar.com\/en\/domaines-de-competences\/panneaux-et-portes\/porte-coulissante\/'><img loading=\"lazy\" decoding=\"async\" width=\"300\" height=\"225\" src=\"https:\/\/isolvar.com\/wp-content\/uploads\/2018\/07\/porte-coulissante-300x225.jpg\" class=\"attachment-medium size-medium\" alt=\"\" srcset=\"https:\/\/isolvar.com\/wp-content\/uploads\/2018\/07\/porte-coulissante-300x225.jpg 300w, https:\/\/isolvar.com\/wp-content\/uploads\/2018\/07\/porte-coulissante-768x576.jpg 768w, https:\/\/isolvar.com\/wp-content\/uploads\/2018\/07\/porte-coulissante.jpg 800w\" sizes=\"auto, (max-width: 300px) 100vw, 300px\" \/><\/a>\r\n\t\t\t<\/dt><\/dl><dl class='gallery-item'>\r\n\t\t\t<dt class='gallery-icon landscape'>\r\n\t\t\t\t<a class=\"thumbnail\" href='https:\/\/isolvar.com\/en\/domaines-de-competences\/panneaux-et-portes\/porte-souple\/'><img loading=\"lazy\" decoding=\"async\" width=\"300\" height=\"225\" src=\"https:\/\/isolvar.com\/wp-content\/uploads\/2018\/07\/porte-souple-300x225.jpg\" class=\"attachment-medium size-medium\" alt=\"\" srcset=\"https:\/\/isolvar.com\/wp-content\/uploads\/2018\/07\/porte-souple-300x225.jpg 300w, https:\/\/isolvar.com\/wp-content\/uploads\/2018\/07\/porte-souple-768x576.jpg 768w, https:\/\/isolvar.com\/wp-content\/uploads\/2018\/07\/porte-souple.jpg 800w\" sizes=\"auto, (max-width: 300px) 100vw, 300px\" \/><\/a>\r\n\t\t\t<\/dt><\/dl><dl class='gallery-item'>\r\n\t\t\t<dt class='gallery-icon landscape'>\r\n\t\t\t\t<a class=\"thumbnail\" href='https:\/\/isolvar.com\/en\/domaines-de-competences\/panneaux-et-portes\/porte-vas-viens\/'><img loading=\"lazy\" decoding=\"async\" width=\"300\" height=\"225\" src=\"https:\/\/isolvar.com\/wp-content\/uploads\/2018\/07\/porte-vas-viens-300x225.jpg\" class=\"attachment-medium size-medium\" alt=\"\" srcset=\"https:\/\/isolvar.com\/wp-content\/uploads\/2018\/07\/porte-vas-viens-300x225.jpg 300w, https:\/\/isolvar.com\/wp-content\/uploads\/2018\/07\/porte-vas-viens-768x576.jpg 768w, https:\/\/isolvar.com\/wp-content\/uploads\/2018\/07\/porte-vas-viens.jpg 800w\" sizes=\"auto, (max-width: 300px) 100vw, 300px\" \/><\/a>\r\n\t\t\t<\/dt><\/dl><dl class='gallery-item'>\r\n\t\t\t<dt class='gallery-icon landscape'>\r\n\t\t\t\t<a class=\"thumbnail\" href='https:\/\/isolvar.com\/en\/domaines-de-competences\/panneaux-et-portes\/panneaux4\/'><img loading=\"lazy\" decoding=\"async\" width=\"300\" height=\"225\" src=\"https:\/\/isolvar.com\/wp-content\/uploads\/2018\/07\/panneaux4-300x225.jpg\" class=\"attachment-medium size-medium\" alt=\"\" srcset=\"https:\/\/isolvar.com\/wp-content\/uploads\/2018\/07\/panneaux4-300x225.jpg 300w, https:\/\/isolvar.com\/wp-content\/uploads\/2018\/07\/panneaux4-768x576.jpg 768w, https:\/\/isolvar.com\/wp-content\/uploads\/2018\/07\/panneaux4.jpg 800w\" sizes=\"auto, (max-width: 300px) 100vw, 300px\" \/><\/a>\r\n\t\t\t<\/dt><\/dl><br style=\"clear: both\" \/><\/div>\n\n<hr \/>\n<h1>Sectional doors<\/h1>\n<p><img loading=\"lazy\" decoding=\"async\" class=\"alignleft wp-image-402 size-medium\" src=\"https:\/\/isolvar.com\/wp-content\/uploads\/2018\/07\/portes-sectionnales-2-300x212.jpg\" alt=\"\" width=\"300\" height=\"212\" srcset=\"https:\/\/isolvar.com\/wp-content\/uploads\/2018\/07\/portes-sectionnales-2-300x212.jpg 300w, https:\/\/isolvar.com\/wp-content\/uploads\/2018\/07\/portes-sectionnales-2-768x543.jpg 768w, https:\/\/isolvar.com\/wp-content\/uploads\/2018\/07\/portes-sectionnales-2-1024x725.jpg 1024w, https:\/\/isolvar.com\/wp-content\/uploads\/2018\/07\/portes-sectionnales-2.jpg 1754w\" sizes=\"auto, (max-width: 300px) 100vw, 300px\" \/><\/p>\n<p><strong>CONSTRUCTION OF ISO PANELS<\/strong><\/p>\n<p>The ISO insulated panels are made in compliance with the \u201csandwich\u201d principle (steel sheeting \u2013 PU foam at a high density \u2013 steel sheeting). The foam, at a high density, doesn\u2019t contain CFCs and has excellent insulation, acoustic and thermal properties. The sheets of steel have been galvanized on both sides and then coated with a layer of primer. This quality product resists bad weather and corrosion. We have made no compromises in the choice of materials, thickness of the sheets and type of PU foam used. The panels are supplied in compliance with the label of quality RAL GZ 617 \u201cG\u00fctesicherung\u201d<\/p>\n<p><strong>TYPES OF PANELS FOR ISO INSULATED SECTIONAL DOORS<\/strong><\/p>\n<p>The sections (panels) for the ISO insulated sectional doors are available in 3 different heights and in the most used RALs. The heights were carefully selected in order to avoid cutting the panels. The heights available are 488mm, 610mm and 732mm.<\/p>\n<p><strong>VISION PANELS AND WINDOWS<\/strong><\/p>\n<p>When bright lighting with natural light or vision through the steel shutters are desired, glass ALU sections offer the best performance. Unlike the structures made manually, the main European factories which make the sectional doors industrially are able to develop and make glass ALU sections of a very high quality, thanks to modern machines with digital commands. This means that the solutions they propose are far superior in terms of natural light, assembly and also in resistance to attempts to break in. We also offer double-glazed vision panels for ISO insulated steel shutters. The ISO vision panels can be supplied from a wide range of forms and dimensions according to your choice.<\/p>\n<p>The choice of the position of the vision panels in the steel shutters of an ISO insulated sectional door depends on 4 different criteria:<\/p>\n<p>&nbsp;<\/p>\n<p><strong>1) Necessity for natural light<\/strong><\/p>\n<p>The necessity to have natural light at your disposal influences the position and number of vision panels used. It is often preferable to use glass ALU sections which are entirely transparent when a lot of light is required.<\/p>\n<p><strong>2) Thermal properties<\/strong><\/p>\n<p>If thermal insulation (insulation performance\/U value according to EN 12428) is the most important criterion when you choose, double-glazed vision panels are the best choice for you.<\/p>\n<p><strong>3) Prevention of breaking and entering<\/strong><\/p>\n<p>If maximum prevention of breaking and entering is your main criteria then double-glazed vision panels of reduced height is the best choice for you.<\/p>\n<p><strong>4) Design<\/strong><\/p>\n<p>Round, double-glazed vision panels can be fitted randomly in the insulated metal shutter.<\/p>\n<div class=\"blox-element divider space \"><\/div>\n<p><a href=\"http:\/\/www.isolvar.com\/wp-content\/uploads\/2015\/04\/portes-sectionnales.pdf\" target=\"_blank\" rel=\"noopener\"><strong>Lire le dossier complet<\/strong>\u00a0sur les PORTES SECTIONNALES ISOLVAR<\/a><\/p>\n<hr \/>\n<hr \/>\n<h2>Isothermal Panels<\/h2>\n<p>The construction of refrigerated premises demands a judicious choice and adequate installation of the isothermal panels which will form them.<\/p>\n<h4>Criteria in the choice of isothermal panels<\/h4>\n<p>The criteria which are taken into account depend on their use; Wall \u2013 Ceiling \u2013 Partitions \u2013 Negative floors. As well as specific thermal needs of the different operation areas; Refrigerated warehouses or controlled atmosphere \u2013 Food-processing premises.<\/p>\n<p>In the area of food-processing, isothermal panels are recommended for the construction of the simple cold room of a caterer, to the refrigerated enclosures of the biggest companies with thermal constraints which can go from simple refrigeration to freezing.<\/p>\n<p>&nbsp;<\/p>\n<h4>Cases of isothermal panel use<\/h4>\n<div class=\"section-normal \">\n<div class=\"row blox-row \">\n<div class=\"col-xs-12 col-sm-12 col-md-12 col-lg-12\">\n<div class=\"blox-column-content\">\n<div class=\"blox-element blox-accordion \">\n<div id=\"accordion_5b574675dd915\" class=\"accordion panel-group\">\n<div class=\"acc-panel panel-default\">\n<div class=\"panel-heading\">\n<h4 class=\"panel-title\"><i class=\"fa-caret-square-o-down\"><\/i>\u00a0Les exemples de construction qui peuvent \u00eatres particuli\u00e8rement cit\u00e9s sont les suivants :<\/h4>\n<\/div>\n<\/div>\n<\/div>\n<\/div>\n<\/div>\n<\/div>\n<\/div>\n<\/div>\n<h4>Thickness of isothermal panels<\/h4>\n<p>The thickness of the panels can vary from 40 to 220mm with different smooth or ribbed facings with several coatings. The choice of panel thickness must meet the thermal specificities of positive, negative or \u201chot\u201d cold rooms.<\/p>\n<div class=\"blox-element divider space \"><\/div>\n<div id=\"ngg-gallery-1577-1\" class=\"ngg-galleryoverview ngg-ajax-pagination-none\">\n<div id=\"ngg-image-0\" class=\"ngg-gallery-thumbnail-box\"><\/div>\n<div id=\"ngg-image-8\" class=\"ngg-gallery-thumbnail-box\">\n<div class=\"ngg-gallery-thumbnail\">\n\r\n\t\t<style type='text\/css'>\r\n\t\t\t#gallery-2 {\r\n\t\t\t\tmargin: auto;\r\n\t\t\t}\r\n\t\t\t#gallery-2 .gallery-item {\r\n\t\t\t\tfloat: left;\r\n\t\t\t\tmargin-top: 10px;\r\n\t\t\t\ttext-align: center;\r\n\t\t\t\twidth: 33%;\r\n\t\t\t}\r\n\t\t\t#gallery-2 img {\r\n\t\t\t\tborder: 2px solid #cfcfcf;\r\n\t\t\t}\r\n\t\t\t#gallery-2 .gallery-caption {\r\n\t\t\t\tmargin-left: 0;\r\n\t\t\t}\r\n\t\t\t\/* see gallery_shortcode() in wp-includes\/media.php *\/\r\n\t\t<\/style>\n\t\t<div id='gallery-2' class='gallery galleryid-380 gallery-columns-3 gallery-size-medium'><dl class='gallery-item'>\r\n\t\t\t<dt class='gallery-icon landscape'>\r\n\t\t\t\t<a class=\"thumbnail\" href='https:\/\/isolvar.com\/en\/domaines-de-competences\/panneaux-et-portes\/panneaux1\/'><img loading=\"lazy\" decoding=\"async\" width=\"300\" height=\"225\" src=\"https:\/\/isolvar.com\/wp-content\/uploads\/2018\/07\/panneaux1-300x225.jpg\" class=\"attachment-medium size-medium\" alt=\"\" srcset=\"https:\/\/isolvar.com\/wp-content\/uploads\/2018\/07\/panneaux1-300x225.jpg 300w, https:\/\/isolvar.com\/wp-content\/uploads\/2018\/07\/panneaux1-768x576.jpg 768w, https:\/\/isolvar.com\/wp-content\/uploads\/2018\/07\/panneaux1.jpg 800w\" sizes=\"auto, (max-width: 300px) 100vw, 300px\" \/><\/a>\r\n\t\t\t<\/dt><\/dl><dl class='gallery-item'>\r\n\t\t\t<dt class='gallery-icon landscape'>\r\n\t\t\t\t<a class=\"thumbnail\" href='https:\/\/isolvar.com\/en\/domaines-de-competences\/panneaux-et-portes\/panneaux2\/'><img loading=\"lazy\" decoding=\"async\" width=\"300\" height=\"225\" src=\"https:\/\/isolvar.com\/wp-content\/uploads\/2018\/07\/panneaux2-300x225.jpg\" class=\"attachment-medium size-medium\" alt=\"\" srcset=\"https:\/\/isolvar.com\/wp-content\/uploads\/2018\/07\/panneaux2-300x225.jpg 300w, https:\/\/isolvar.com\/wp-content\/uploads\/2018\/07\/panneaux2-768x576.jpg 768w, https:\/\/isolvar.com\/wp-content\/uploads\/2018\/07\/panneaux2.jpg 800w\" sizes=\"auto, (max-width: 300px) 100vw, 300px\" \/><\/a>\r\n\t\t\t<\/dt><\/dl><dl class='gallery-item'>\r\n\t\t\t<dt class='gallery-icon landscape'>\r\n\t\t\t\t<a class=\"thumbnail\" href='https:\/\/isolvar.com\/en\/domaines-de-competences\/panneaux-et-portes\/panneaux3\/'><img loading=\"lazy\" decoding=\"async\" width=\"300\" height=\"225\" src=\"https:\/\/isolvar.com\/wp-content\/uploads\/2018\/07\/panneaux3-300x225.jpg\" class=\"attachment-medium size-medium\" alt=\"\" srcset=\"https:\/\/isolvar.com\/wp-content\/uploads\/2018\/07\/panneaux3-300x225.jpg 300w, https:\/\/isolvar.com\/wp-content\/uploads\/2018\/07\/panneaux3-768x576.jpg 768w, https:\/\/isolvar.com\/wp-content\/uploads\/2018\/07\/panneaux3.jpg 800w\" sizes=\"auto, (max-width: 300px) 100vw, 300px\" \/><\/a>\r\n\t\t\t<\/dt><\/dl><br style=\"clear: both\" \/><\/div>\n\n<\/div>\n<\/div>\n<div class=\"ngg-clear\"><\/div>\n<\/div>\n<div class=\"blox-element divider space \">\n<h4>The composition of isothermal panels<\/h4>\n<p>Insulation is traditionally made up of polyurethane foam and sometimes of expanded or extruded polystyrene. The demands in matters of security can favor the choice of a core of rock wool in order to comply with a fire rating MO or 1 to 2 hour firewall. The isothermal panel facings. The choice of facings is made by complying with the norms NFP 17-401-1 and NFP 34-301. The facings are made up of ribbed or smooth sheet metal in galvanized steel, stainless steel, lacquered steel PVDF or PET<\/p>\n<h4>Isothermal panel coatings<\/h4>\n<p>The choice of exterior coatings is made with regard to the ambient atmosphere surrounding the building and for the inside of the buildings it depends on the aggressiveness of the atmosphere, cleaning conditions and the hygrometry (insulation DTU 45-1).<\/p>\n<p>Assembling isothermal panels. The panels have male-female molded edge strips which allow simple or double interlocking depending on the thickness.<\/p>\n<h4>Installing isothermal panels<\/h4>\n<p>Preferably the installation of the panels must be done by companies which have acquired the necessary Qualibat professional qualifications.<\/p>\n<p>Our teams of highly qualified fitters have carried out numerous projects throughout the French territory and even abroad in the area of food-processing but also in research, beauty care, electronics, aviation, pharmacy, wine and transport.<\/p>\n<\/div>\n<hr \/>\n<hr \/>\n<h2>Firewall panels<\/h2>\n<p><img loading=\"lazy\" decoding=\"async\" class=\"wp-image-397 size-medium alignleft\" src=\"https:\/\/isolvar.com\/wp-content\/uploads\/2018\/07\/feu-300x199.jpg\" alt=\"\" width=\"300\" height=\"199\" srcset=\"https:\/\/isolvar.com\/wp-content\/uploads\/2018\/07\/feu-300x199.jpg 300w, https:\/\/isolvar.com\/wp-content\/uploads\/2018\/07\/feu-768x511.jpg 768w, https:\/\/isolvar.com\/wp-content\/uploads\/2018\/07\/feu-1024x681.jpg 1024w\" sizes=\"auto, (max-width: 300px) 100vw, 300px\" \/><\/p>\n<h4>Firewall panels for ordinary separation<\/h4>\n<p>2-hour firewall panels (material components rated MO = rock wool and plaster firewalls) are used to create a wall to stop fires. This separation is designed to ensure that rescue services can stop the fire spreading. It is necessary to use interlocking panels with walls to stop flames spreading to the junctions. In order to stop the fire spreading to the outside of the building, a roof overhang is often recommended (see following paragraph). The use of panels has the advantage of combining protection from firewalls with airtightness and insulation.<\/p>\n<h4><\/h4>\n<h4>Firewall panels for building separation<\/h4>\n<p>In the case of a separation of certain types of buildings or different parts of a construction, regulations or insurance companies can insist that firewalls stay in place to play their role, even if a part of the building collapses.<\/p>\n<p>In this case the main walls must be 4-hour firewalls (concrete structures).<\/p>\n<p>For these walls a roof overhang and also a lateral overhang are compulsory if the roof and the panels which contain the fa\u00e7ades are not 2-hour firewalls and M0.<\/p>\n<p>If the firewall panels are installed as frontage they must be fitted on an independent, auto-stable Framework.<\/p>\n","protected":false},"excerpt":{"rendered":"<p>Isothermal doors The advantages of different models of isothermal doors Each model has its own advantages: Revolving doors\u00a0are recommended when the thermal differences are large between two areas \u2013 airtightness being better achieved by peripheral seals. Sliding doors\u00a0are chosen to &hellip; <a href=\"https:\/\/isolvar.com\/en\/domaines-de-competences\/panneaux-et-portes\/\">Continued<\/a><\/p>\n","protected":false},"author":2,"featured_media":0,"parent":9,"menu_order":7,"comment_status":"closed","ping_status":"closed","template":"","meta":{"kt_blocks_editor_width":"","jetpack_post_was_ever_published":false,"footnotes":""},"class_list":["post-380","page","type-page","status-publish","hentry"],"jetpack_sharing_enabled":true,"_links":{"self":[{"href":"https:\/\/isolvar.com\/en\/wp-json\/wp\/v2\/pages\/380","targetHints":{"allow":["GET"]}}],"collection":[{"href":"https:\/\/isolvar.com\/en\/wp-json\/wp\/v2\/pages"}],"about":[{"href":"https:\/\/isolvar.com\/en\/wp-json\/wp\/v2\/types\/page"}],"author":[{"embeddable":true,"href":"https:\/\/isolvar.com\/en\/wp-json\/wp\/v2\/users\/2"}],"replies":[{"embeddable":true,"href":"https:\/\/isolvar.com\/en\/wp-json\/wp\/v2\/comments?post=380"}],"version-history":[{"count":0,"href":"https:\/\/isolvar.com\/en\/wp-json\/wp\/v2\/pages\/380\/revisions"}],"up":[{"embeddable":true,"href":"https:\/\/isolvar.com\/en\/wp-json\/wp\/v2\/pages\/9"}],"wp:attachment":[{"href":"https:\/\/isolvar.com\/en\/wp-json\/wp\/v2\/media?parent=380"}],"curies":[{"name":"wp","href":"https:\/\/api.w.org\/{rel}","templated":true}]}}